{"id":9,"date":"2007-12-02T00:05:45","date_gmt":"2007-12-01T23:05:45","guid":{"rendered":"http:\/\/www.interflughuette.com\/?page_id=9"},"modified":"2008-01-05T23:04:43","modified_gmt":"2008-01-05T22:04:43","slug":"von-alt-zu-neu","status":"publish","type":"page","link":"https:\/\/www.interflughuette.com\/?page_id=9","title":{"rendered":"Von alt zu neu"},"content":{"rendered":"<p>Die H\u00fctte hat sich seit dem Kauf sehr stark ver\u00e4ndert. Hier k\u00f6nnen Sie den Unterschied sehen.<\/p>\n<p><a href=\"http:\/\/www.interflughuette.com\/?page_id=16\">Hier k\u00f6nnen Sie sich die K\u00fcche im Vergleich anschauen,<\/a><\/p>\n<p><a href=\"http:\/\/www.interflughuette.com\/?page_id=18\" title=\"Von alt zu neu - Wohnzimmer\">und hier das Wohnzimmer\u00a0<\/a><\/p>\n<p align=\"center\"><strong>1991<\/strong><\/p>\n<p><a href=\"http:\/\/www.interflughuette.com\/wp-content\/gallery\/verschiedenes\/huette_alt.jpg\" class=\"thickbox\" title=\"huette_alt.jpg\"><img decoding=\"async\" src=\"http:\/\/www.interflughuette.com\/wp-content\/gallery\/verschiedenes\/huette_alt.jpg\" alt=\"huette_alt.jpg\" title=\"huette_alt.jpg\" \/><\/a><\/p>\n<p align=\"center\"><strong>2007 <\/strong><\/p>\n<p><a href=\"http:\/\/www.interflughuette.com\/wp-content\/gallery\/verschiedenes\/huette_neu.jpg\" class=\"thickbox\" title=\"huette_neu.jpg\"><img decoding=\"async\" src=\"http:\/\/www.interflughuette.com\/wp-content\/gallery\/verschiedenes\/huette_neu.jpg\" alt=\"huette_neu.jpg\" title=\"huette_neu.jpg\" \/><\/a><\/p>\n","protected":false},"excerpt":{"rendered":"<p>Die H\u00fctte hat sich seit dem Kauf sehr stark ver\u00e4ndert. Hier k\u00f6nnen Sie den Unterschied sehen. Hier k\u00f6nnen Sie sich die K\u00fcche im Vergleich anschauen, und hier das Wohnzimmer\u00a0 1991 2007<\/p>\n","protected":false},"author":1,"featured_media":0,"parent":0,"menu_order":5,"comment_status":"open","ping_status":"open","template":"","meta":{"ngg_post_thumbnail":0,"footnotes":""},"class_list":["post-9","page","type-page","status-publish","hentry"],"_links":{"self":[{"href":"https:\/\/www.interflughuette.com\/index.php?rest_route=\/wp\/v2\/pages\/9","targetHints":{"allow":["GET"]}}],"collection":[{"href":"https:\/\/www.interflughuette.com\/index.php?rest_route=\/wp\/v2\/pages"}],"about":[{"href":"https:\/\/www.interflughuette.com\/index.php?rest_route=\/wp\/v2\/types\/page"}],"author":[{"embeddable":true,"href":"https:\/\/www.interflughuette.com\/index.php?rest_route=\/wp\/v2\/users\/1"}],"replies":[{"embeddable":true,"href":"https:\/\/www.interflughuette.com\/index.php?rest_route=%2Fwp%2Fv2%2Fcomments&post=9"}],"version-history":[{"count":0,"href":"https:\/\/www.interflughuette.com\/index.php?rest_route=\/wp\/v2\/pages\/9\/revisions"}],"wp:attachment":[{"href":"https:\/\/www.interflughuette.com\/index.php?rest_route=%2Fwp%2Fv2%2Fmedia&parent=9"}],"curies":[{"name":"wp","href":"https:\/\/api.w.org\/{rel}","templated":true}]}}