{"id":7,"date":"2007-12-01T23:29:00","date_gmt":"2007-12-01T22:29:00","guid":{"rendered":"http:\/\/www.interflughuette.com\/?page_id=7"},"modified":"2007-12-02T23:16:36","modified_gmt":"2007-12-02T22:16:36","slug":"impressum","status":"publish","type":"page","link":"https:\/\/www.interflughuette.com\/?page_id=7","title":{"rendered":"Impressum"},"content":{"rendered":"<p><strong>Verantwortlich f\u00fcr diese Seite: <\/strong><\/p>\n<p><a href=\"http:\/\/www.richardhartmann.com\" target=\"_blank\">Richard Hartmann<\/a><\/p>\n<p>Winzerstra\u00dfe 54<\/p>\n<p>99094 Erfurt<\/p>\n<p>webmaster@interflughuette.com<\/p>\n<p>0361 \/ 226 16 12<\/p>\n<p><strong>Haftungshinweis:<\/strong><\/p>\n<p>Trotz sorgf\u00e4ltiger inhaltlicher Kontrolle \u00fcbernehmen wir keine Haftung f\u00fcr die Inhalte externer Links.<\/p>\n<p>F\u00fcr den Inhalt der verlinkten Seiten sind ausschlie\u00dflich deren Betreiber verantwortlich!<\/p>\n<p><strong>Hosted by<\/strong> <a href=\"http:\/\/www.strato.de\/webhosting\/index.html\" target=\"_blank\">Strato AG<\/a><\/p>\n","protected":false},"excerpt":{"rendered":"<p>Verantwortlich f\u00fcr diese Seite: Richard Hartmann Winzerstra\u00dfe 54 99094 Erfurt webmaster@interflughuette.com 0361 \/ 226 16 12 Haftungshinweis: Trotz sorgf\u00e4ltiger inhaltlicher Kontrolle \u00fcbernehmen wir keine Haftung f\u00fcr die Inhalte externer Links. F\u00fcr den Inhalt der verlinkten Seiten sind ausschlie\u00dflich deren Betreiber verantwortlich! Hosted by Strato AG<\/p>\n","protected":false},"author":1,"featured_media":0,"parent":0,"menu_order":10,"comment_status":"open","ping_status":"open","template":"","meta":{"ngg_post_thumbnail":0,"footnotes":""},"class_list":["post-7","page","type-page","status-publish","hentry"],"_links":{"self":[{"href":"https:\/\/www.interflughuette.com\/index.php?rest_route=\/wp\/v2\/pages\/7","targetHints":{"allow":["GET"]}}],"collection":[{"href":"https:\/\/www.interflughuette.com\/index.php?rest_route=\/wp\/v2\/pages"}],"about":[{"href":"https:\/\/www.interflughuette.com\/index.php?rest_route=\/wp\/v2\/types\/page"}],"author":[{"embeddable":true,"href":"https:\/\/www.interflughuette.com\/index.php?rest_route=\/wp\/v2\/users\/1"}],"replies":[{"embeddable":true,"href":"https:\/\/www.interflughuette.com\/index.php?rest_route=%2Fwp%2Fv2%2Fcomments&post=7"}],"version-history":[{"count":0,"href":"https:\/\/www.interflughuette.com\/index.php?rest_route=\/wp\/v2\/pages\/7\/revisions"}],"wp:attachment":[{"href":"https:\/\/www.interflughuette.com\/index.php?rest_route=%2Fwp%2Fv2%2Fmedia&parent=7"}],"curies":[{"name":"wp","href":"https:\/\/api.w.org\/{rel}","templated":true}]}}